{"id":151,"date":"2023-03-20T11:43:59","date_gmt":"2023-03-20T10:43:59","guid":{"rendered":"http:\/\/ecoandco.fr\/?page_id=151"},"modified":"2023-07-03T12:09:27","modified_gmt":"2023-07-03T10:09:27","slug":"service","status":"publish","type":"page","link":"https:\/\/ecoandco.fr\/?page_id=151","title":{"rendered":"SERVICES"},"content":{"rendered":"\n<div class=\"wp-block-group alignfull is-layout-flow wp-block-group-is-layout-flow\" style=\"margin-top:0;margin-bottom:0;padding-top:0;padding-right:0;padding-bottom:0;padding-left:0\">\n<div class=\"wp-block-group is-layout-constrained wp-container-core-group-is-layout-92a3a37d wp-block-group-is-layout-constrained\" style=\"margin-top:var(--wp--preset--spacing--80);margin-bottom:var(--wp--preset--spacing--80);padding-right:30px;padding-left:30px\">\n<div class=\"wp-block-columns are-vertically-aligned-center is-layout-flex wp-container-core-columns-is-layout-f0342b05 wp-block-columns-is-layout-flex\" style=\"margin-top:0;margin-bottom:0\">\n<div class=\"wp-block-column is-vertically-aligned-center is-layout-flow wp-block-column-is-layout-flow\">\n<h2 class=\"wp-block-heading\" style=\"margin-top:0;margin-right:0;margin-bottom:0;margin-left:0;padding-top:0;padding-right:0;padding-bottom:0;padding-left:0\">Eco and Co vous vend des \u00e9conomies <\/h2>\n\n\n\n<p class=\"has-text-align-left\">Eco and Co vous apporte des solutions fiables, durables et essentielles au bon fonctionnement de votre entreprise. Services polyvalent et une ma\u00eetrise des outils informatiques pour vous aider dans vos d\u00e9marches au quotidien.<\/p>\n\n\n\n<p class=\"has-text-align-left\">Faites des \u00e9conomies sur le long terme en collaborant avec Eco and Co ! <\/p>\n\n\n\n<p>Recentrez-vous sur l&#8217;essentiel de votre activit\u00e9.Eco and Co vous lib\u00e8re du temps et vous permet de vous consacrer pleinement au d\u00e9veloppement, \u00e0 l\u2019accroissement et \u00e0 la p\u00e9rennisation de votre entreprise.<\/p>\n<\/div>\n\n\n\n<div class=\"wp-block-column is-vertically-aligned-center is-layout-flow wp-block-column-is-layout-flow\">\n<figure class=\"wp-block-image size-large\"><img loading=\"lazy\" decoding=\"async\" width=\"1024\" height=\"692\" src=\"http:\/\/ecoandco.fr\/wp-content\/uploads\/2023\/06\/Illustration-3-1-1-1024x692.png\" alt=\"\" class=\"wp-image-330\" srcset=\"https:\/\/ecoandco.fr\/wp-content\/uploads\/2023\/06\/Illustration-3-1-1-1024x692.png 1024w, https:\/\/ecoandco.fr\/wp-content\/uploads\/2023\/06\/Illustration-3-1-1-300x203.png 300w, https:\/\/ecoandco.fr\/wp-content\/uploads\/2023\/06\/Illustration-3-1-1-768x519.png 768w, https:\/\/ecoandco.fr\/wp-content\/uploads\/2023\/06\/Illustration-3-1-1-1536x1038.png 1536w, https:\/\/ecoandco.fr\/wp-content\/uploads\/2023\/06\/Illustration-3-1-1.png 2040w\" sizes=\"auto, (max-width: 1024px) 100vw, 1024px\" \/><\/figure>\n<\/div>\n<\/div>\n<\/div>\n<\/div>\n\n\n\n<div class=\"wp-block-columns alignwide is-layout-flex wp-container-core-columns-is-layout-28f84493 wp-block-columns-is-layout-flex\">\n<div class=\"wp-block-column has-text-color has-background has-link-color wp-elements-9a852adc4efb3bc64f342a038f545478 is-layout-flow wp-block-column-is-layout-flow\" style=\"color:#000000;background-color:#ffe97d;padding-top:2em;padding-right:2em;padding-bottom:2em;padding-left:2em\">\n<h2 class=\"wp-block-heading\" id=\"single\" style=\"font-size:clamp(24.034px, 1.502rem + ((1vw - 3.2px) * 1.247), 40px);\"><strong>Le pack courtage<\/strong><\/h2>\n\n\n\n<hr class=\"wp-block-separator has-text-color has-css-opacity has-background is-style-wide\" style=\"background-color:#000000;color:#000000\"\/>\n\n\n\n<ul class=\"wp-block-list\">\n<li>Optimisation et ratio des co\u00fbts<\/li>\n\n\n\n<li>Audit, Analyse et propositions de solutions adapt\u00e9es<\/li>\n\n\n\n<li>R\u00e9siliation et mise en place nouveaux contrats\n<ul class=\"wp-block-list\">\n<li>TARIFS  FORFAIT 180 \u20ac<\/li>\n\n\n\n<li>50% des \u00e9conomies faites cette ann\u00e9e<\/li>\n<\/ul>\n<\/li>\n<\/ul>\n<\/div>\n\n\n\n<div class=\"wp-block-column has-text-color has-background has-link-color wp-elements-9ceda3b0e40245c324a02949fca64563 is-layout-flow wp-block-column-is-layout-flow\" style=\"color:#000000;background-color:#c0ebf1;padding-top:2em;padding-right:2em;padding-bottom:2em;padding-left:2em\">\n<h2 class=\"wp-block-heading\" id=\"patron\" style=\"font-size:clamp(24.034px, 1.502rem + ((1vw - 3.2px) * 1.247), 40px);\"><strong>Accompagnement administratif<\/strong><\/h2>\n\n\n\n<hr class=\"wp-block-separator has-css-opacity is-style-wide\"\/>\n\n\n\n<ul class=\"wp-block-list\">\n<li>Devis, factures, relances<\/li>\n\n\n\n<li>Mise en place de proc\u00e9d\u00e9 administratifs<\/li>\n\n\n\n<li>Pr\u00e9paration bilan\n<ul class=\"wp-block-list\">\n<li>TARIFS  HORAIRE<\/li>\n\n\n\n<li>40\u20ac l&#8217;heure<\/li>\n<\/ul>\n<\/li>\n<\/ul>\n<\/div>\n<\/div>\n\n\n\n<div style=\"height:50px\" aria-hidden=\"true\" class=\"wp-block-spacer\"><\/div>\n\n\n\n<h2 class=\"wp-block-heading has-text-align-center\">Nos atouts<\/h2>\n\n\n\n<div class=\"wp-block-group alignfull is-layout-flow wp-block-group-is-layout-flow\" style=\"margin-top:0;margin-bottom:0;padding-top:0;padding-right:0;padding-bottom:0;padding-left:0\">\n<div class=\"wp-block-group vision-service-section is-layout-flow wp-block-group-is-layout-flow\" style=\"padding-right:30px;padding-left:30px\">\n<div style=\"height:33px\" aria-hidden=\"true\" class=\"wp-block-spacer\"><\/div>\n\n\n\n<div class=\"wp-block-columns is-layout-flex wp-container-core-columns-is-layout-28f84493 wp-block-columns-is-layout-flex\">\n<div class=\"wp-block-column is-layout-flow wp-block-column-is-layout-flow\" style=\"flex-basis:160%\">\n<div class=\"wp-block-group is-layout-constrained wp-block-group-is-layout-constrained\">\n<div class=\"wp-block-group is-layout-constrained wp-block-group-is-layout-constrained\">\n<div class=\"wp-block-group is-layout-constrained wp-container-core-group-is-layout-c250a0d6 wp-block-group-is-layout-constrained\">\n<div class=\"wp-block-columns is-layout-flex wp-container-core-columns-is-layout-2709eace wp-block-columns-is-layout-flex\">\n<div class=\"wp-block-column has-background is-layout-flow wp-block-column-is-layout-flow\" style=\"background-color:#FFFFFF;padding-top:40px;padding-right:40px;padding-bottom:40px;padding-left:40px;flex-basis:500px\">\n<figure class=\"wp-block-image aligncenter size-full has-custom-border\"><img decoding=\"async\" src=\"http:\/\/ecoandco.fr\/wp-content\/themes\/vision-fse\/assets\/images\/icon1.png\" alt=\"\" class=\"wp-image-156\" style=\"border-radius:2px\"\/><\/figure>\n\n\n\n<h4 class=\"wp-block-heading has-text-align-center\" style=\"margin-top:30px;margin-bottom:20px;padding-top:0;padding-right:0;padding-bottom:0;padding-left:0\">Des conseils sur mesure <\/h4>\n\n\n\n<p class=\"has-text-align-center\" style=\"margin-top:0;margin-right:0;margin-bottom:0;margin-left:0\">\u2022 Etude des diff\u00e9rents contrats et factures de charges fixes<br>\u2022 N\u00e9gociation des contrats<br>\u2022 Proposition de solutions<br>\u2022 Expertise fonctionnelle et technique<\/p>\n<\/div>\n\n\n\n<div class=\"wp-block-column has-background is-layout-flow wp-block-column-is-layout-flow\" style=\"background-color:#FFFFFF;padding-top:40px;padding-right:40px;padding-bottom:40px;padding-left:40px;flex-basis:500px\">\n<figure class=\"wp-block-image aligncenter size-full has-custom-border\"><img decoding=\"async\" src=\"http:\/\/ecoandco.fr\/wp-content\/themes\/vision-fse\/assets\/images\/icon2.png\" alt=\"\" class=\"wp-image-155\" style=\"border-radius:2px\"\/><\/figure>\n\n\n\n<h4 class=\"wp-block-heading has-text-align-center\" style=\"margin-top:30px;margin-bottom:20px;padding-top:0;padding-right:0;padding-bottom:0;padding-left:0\">Des solutions durables<\/h4>\n\n\n\n<p class=\"has-text-align-center\" style=\"margin-top:0;margin-right:0;margin-bottom:0;margin-left:0\">Eco and Co se charge de vous apporter des solutions et des m\u00e9thodes de travail adapt\u00e9es \u00e0 votre activit\u00e9 et \u00e0 vos besoins. Des r\u00e9solutions qui vous font gagner du temps.<\/p>\n<\/div>\n<\/div>\n<\/div>\n\n\n\n<div class=\"wp-block-group is-layout-constrained wp-container-core-group-is-layout-43a47022 wp-block-group-is-layout-constrained\">\n<div class=\"wp-block-columns is-layout-flex wp-container-core-columns-is-layout-2709eace wp-block-columns-is-layout-flex\">\n<div class=\"wp-block-column has-background is-layout-flow wp-block-column-is-layout-flow\" style=\"background-color:#FFFFFF;padding-top:40px;padding-right:40px;padding-bottom:40px;padding-left:40px;flex-basis:500px\">\n<figure class=\"wp-block-image aligncenter size-full has-custom-border\"><img decoding=\"async\" src=\"http:\/\/ecoandco.fr\/wp-content\/themes\/vision-fse\/assets\/images\/icon4.png\" alt=\"\" class=\"wp-image-157\" style=\"border-radius:2px\"\/><\/figure>\n\n\n\n<h4 class=\"wp-block-heading has-text-align-center\" style=\"margin-top:30px;margin-bottom:20px;padding-top:0;padding-right:0;padding-bottom:0;padding-left:0\">L&#8217;expertise<\/h4>\n\n\n\n<p class=\"has-text-align-center\" style=\"margin-top:0;margin-right:0;margin-bottom:0;margin-left:0\">\u2022 Evaluation et analyse des besoins et\/ou surcharges de l\u2019entreprises<\/p>\n\n\n\n<p class=\"has-text-align-center\" style=\"margin-top:0;margin-right:0;margin-bottom:0;margin-left:0\">\u2022 V\u00e9rifier l&#8217;exactitude de vos finances<br>\u2022 Conseil aux fins de mise en conformit\u00e9 de certains contrats (entretien portes, extincteurs, etc\u2026)<\/p>\n\n\n\n<p class=\"has-text-align-center\" style=\"margin-top:0;margin-right:0;margin-bottom:0;margin-left:0\">\u2022 Une ma\u00eetrise de l&#8217;organisation et des dispositifs de contr\u00f4le<\/p>\n\n\n\n<div class=\"wp-block-buttons is-content-justification-center is-layout-flex wp-container-core-buttons-is-layout-ac883b43 wp-block-buttons-is-layout-flex\" style=\"margin-top:12px;margin-bottom:12px\"><\/div>\n<\/div>\n\n\n\n<div class=\"wp-block-column has-background is-layout-flow wp-block-column-is-layout-flow\" style=\"background-color:#FFFFFF;padding-top:40px;padding-right:40px;padding-bottom:40px;padding-left:40px;flex-basis:500px\">\n<figure class=\"wp-block-image aligncenter size-full has-custom-border\"><img decoding=\"async\" src=\"http:\/\/ecoandco.fr\/wp-content\/themes\/vision-fse\/assets\/images\/icon5.png\" alt=\"\" class=\"wp-image-158\" style=\"border-radius:2px\"\/><\/figure>\n\n\n\n<h4 class=\"wp-block-heading has-text-align-center\" style=\"margin-top:30px;margin-bottom:20px;padding-top:0;padding-right:0;padding-bottom:0;padding-left:0\">La flexibilit\u00e9<\/h4>\n\n\n\n<p class=\"has-text-align-center\" style=\"margin-top:0;margin-right:0;margin-bottom:0;margin-left:0\">Discutons ensemble de vos besoins, Eco &amp; Co est \u00e0 votre \u00e9coute. <\/p>\n\n\n\n<p class=\"has-text-align-center\" style=\"margin-top:0;margin-right:0;margin-bottom:0;margin-left:0\">Contactez Eco &amp; Co pour en savoir plus ! <\/p>\n\n\n\n<div class=\"wp-block-buttons is-content-justification-center is-layout-flex wp-container-core-buttons-is-layout-ac883b43 wp-block-buttons-is-layout-flex\" style=\"margin-top:12px;margin-bottom:12px\"><\/div>\n<\/div>\n<\/div>\n\n\n\n<div style=\"height:100px\" aria-hidden=\"true\" class=\"wp-block-spacer\"><\/div>\n<\/div>\n<\/div>\n<\/div>\n<\/div>\n<\/div>\n<\/div>\n\n\n\n<div class=\"wp-block-cover alignfull\"><span aria-hidden=\"true\" class=\"wp-block-cover__background has-background-dim-0 has-background-dim\"><\/span><img loading=\"lazy\" decoding=\"async\" width=\"2560\" height=\"1707\" class=\"wp-block-cover__image-background wp-image-145\" alt=\"\" src=\"http:\/\/ecoandco.fr\/wp-content\/uploads\/2023\/03\/thought-catalog-UK78i6vK3sc-unsplash-scaled.jpg\" data-object-fit=\"cover\" srcset=\"https:\/\/ecoandco.fr\/wp-content\/uploads\/2023\/03\/thought-catalog-UK78i6vK3sc-unsplash-scaled.jpg 2560w, https:\/\/ecoandco.fr\/wp-content\/uploads\/2023\/03\/thought-catalog-UK78i6vK3sc-unsplash-300x200.jpg 300w, https:\/\/ecoandco.fr\/wp-content\/uploads\/2023\/03\/thought-catalog-UK78i6vK3sc-unsplash-1024x683.jpg 1024w, https:\/\/ecoandco.fr\/wp-content\/uploads\/2023\/03\/thought-catalog-UK78i6vK3sc-unsplash-768x512.jpg 768w, https:\/\/ecoandco.fr\/wp-content\/uploads\/2023\/03\/thought-catalog-UK78i6vK3sc-unsplash-1536x1024.jpg 1536w, https:\/\/ecoandco.fr\/wp-content\/uploads\/2023\/03\/thought-catalog-UK78i6vK3sc-unsplash-2048x1365.jpg 2048w\" sizes=\"auto, (max-width: 2560px) 100vw, 2560px\" \/><div class=\"wp-block-cover__inner-container is-layout-flow wp-block-cover-is-layout-flow\">\n<div class=\"wp-block-group is-layout-constrained wp-container-core-group-is-layout-9c213b34 wp-block-group-is-layout-constrained\" style=\"padding-left:10%\">\n<div class=\"wp-block-group is-layout-constrained wp-container-core-group-is-layout-e0082cf6 wp-block-group-is-layout-constrained\">\n<h3 class=\"wp-block-heading\">Parlons ensemble de votre projet<\/h3>\n\n\n\n<h2 class=\"wp-block-heading has-white-color has-text-color\">Contactez Eco &amp; Co<\/h2>\n<\/div>\n<\/div>\n<\/div><\/div>\n<\/div>\n","protected":false},"excerpt":{"rendered":"<p>Eco and Co vous vend des \u00e9conomies Eco and Co vous apporte des solutions fiables, durables et essentielles au bon fonctionnement de votre entreprise. Services polyvalent et une ma\u00eetrise des outils informatiques pour vous aider dans vos d\u00e9marches au quotidien. Faites des \u00e9conomies sur le long terme en collaborant avec Eco and Co ! Recentrez-vous [&hellip;]<\/p>\n","protected":false},"author":1,"featured_media":0,"parent":0,"menu_order":0,"comment_status":"closed","ping_status":"closed","template":"","meta":{"footnotes":""},"class_list":["post-151","page","type-page","status-publish","hentry"],"_links":{"self":[{"href":"https:\/\/ecoandco.fr\/index.php?rest_route=\/wp\/v2\/pages\/151","targetHints":{"allow":["GET"]}}],"collection":[{"href":"https:\/\/ecoandco.fr\/index.php?rest_route=\/wp\/v2\/pages"}],"about":[{"href":"https:\/\/ecoandco.fr\/index.php?rest_route=\/wp\/v2\/types\/page"}],"author":[{"embeddable":true,"href":"https:\/\/ecoandco.fr\/index.php?rest_route=\/wp\/v2\/users\/1"}],"replies":[{"embeddable":true,"href":"https:\/\/ecoandco.fr\/index.php?rest_route=%2Fwp%2Fv2%2Fcomments&post=151"}],"version-history":[{"count":90,"href":"https:\/\/ecoandco.fr\/index.php?rest_route=\/wp\/v2\/pages\/151\/revisions"}],"predecessor-version":[{"id":385,"href":"https:\/\/ecoandco.fr\/index.php?rest_route=\/wp\/v2\/pages\/151\/revisions\/385"}],"wp:attachment":[{"href":"https:\/\/ecoandco.fr\/index.php?rest_route=%2Fwp%2Fv2%2Fmedia&parent=151"}],"curies":[{"name":"wp","href":"https:\/\/api.w.org\/{rel}","templated":true}]}}